
{"id":3707,"date":"2025-06-05T09:54:49","date_gmt":"2025-06-05T09:54:49","guid":{"rendered":"https:\/\/www.santanyi.net\/privacy-policy\/"},"modified":"2025-07-21T10:00:55","modified_gmt":"2025-07-21T10:00:55","slug":"privacy-policy","status":"publish","type":"page","link":"https:\/\/www.santanyi.net\/en\/privacy-policy\/","title":{"rendered":"Privacy Policy"},"content":{"rendered":"\t\t<div data-elementor-type=\"wp-page\" data-elementor-id=\"3707\" class=\"elementor elementor-3707 elementor-3\" data-elementor-post-type=\"page\">\n\t\t\t\t<div data-particle_enable=\"false\" data-particle-mobile-disabled=\"false\" class=\"elementor-element elementor-element-c821d66 e-flex e-con-boxed e-con e-parent\" data-id=\"c821d66\" data-element_type=\"container\" data-e-type=\"container\" data-settings=\"{&quot;background_background&quot;:&quot;classic&quot;}\">\n\t\t\t\t\t<div class=\"e-con-inner\">\n\t\t\t\t<div class=\"elementor-element elementor-element-bd80ccf elementor-widget elementor-widget-heading\" data-id=\"bd80ccf\" data-element_type=\"widget\" data-e-type=\"widget\" data-widget_type=\"heading.default\">\n\t\t\t\t<div class=\"elementor-widget-container\">\n\t\t\t\t\t<h2 class=\"elementor-heading-title elementor-size-default\">Privacy Policy<\/h2>\t\t\t\t<\/div>\n\t\t\t\t<\/div>\n\t\t\t\t<div class=\"elementor-element elementor-element-3e4e7db elementor-widget elementor-widget-text-editor\" data-id=\"3e4e7db\" data-element_type=\"widget\" data-e-type=\"widget\" data-widget_type=\"text-editor.default\">\n\t\t\t\t<div class=\"elementor-widget-container\">\n\t\t\t\t\t\t\t\t\t\n<p>In accordance with the provisions of Article 9 of Law 34\/2002 of 11 July 2002 on Information Society Services and Electronic Commerce, it is hereby stated that this website is the property of <strong>Inmobiliaria Drac<\/strong>.<\/p>\n\n\n\n<p><strong>Protection of personal data<\/strong><\/p>\n\n\n\n<p>In compliance with current legislation, the data will be processed in accordance with the provisions of the regulations in force on personal data protection, Regulation (US) 2016\/679 of 27 April 2016 (GDPR) on the protection of natural persons with regard to the processing of personal data and the free movement of data and Article 10 of Law 34\/2002 of 11 July 2002 on Information Society Services and Electronic Commerce.<br>*** Translated with www.DeepL.com\/Translator (free version) *** (LSSI-CE), <strong>Inmobiliaria Drac<\/strong> informs users that the data entered in the contact forms, and others, will be stored in files owned by <strong>Inmobiliaria Drac.<\/strong> Asimismo<strong> Inmobiliaria Drac<\/strong> muestra su compromiso de no destinar sus contenidos a una finalidad distinta para la cual fueron recogidos, garantizando la m\u00e1xima confidencialidad y a aplicar las medidas t\u00e9cnicas y de seguridad necesarias para evitar el acceso no autorizado al mismo seg\u00fan establece la normativa vigente en materia de protecci\u00f3n de datos.<\/p>\n\n\n\n<p><strong>2. Right of access, rectification and deletion<\/strong><\/p>\n\n\n\n<p>The owner of the data has the right of access, rectification, cancellation and opposition of their data. To exercise these rights, data subjects may send a written request by post to the address Pla\u00e7a Major 11, to the contact email address info@santanyi.net, or by telephone to 971654300.<\/p>\n\n\n\n<p><strong>3. Disclosure of information to third parties<\/strong><\/p>\n\n\n\n<p><strong>Inmobiliaria Drac<\/strong> undertakes not to sell or transfer the personal information collected on its websites to other entities for their use without your express approval and offering you the opportunity to exercise your right of cancellation and opposition mentioned above.<\/p>\n\n\n\n<p><strong>4. External links<\/strong><\/p>\n\n\n\n<p>If the user chooses to leave this website through links to websites that do not belong to our company, <strong>Inmobiliaria Drac<\/strong> will not be held responsible for the privacy policies of these websites or for the cookies that they may store on the user&#8217;s computer.<\/p>\n\n\n\n<p><strong>5. Legal issues<\/strong><\/p>\n\n\n\n<p>This is a website which is subject to Spanish law. <strong>Inmobiliaria Drac<\/strong> may disclose personal information provided by the user without their consent when legally required to do so, or acting in good faith provided that such action is necessary to investigate or protect guests, visitors or associates of Inmobiliaria Drac or property owned by <strong>Inmobiliaria Drac<\/strong> (including this website).<\/p>\n\n\n\n<p><strong>6. Changes to this website&#8217;s Privacy Policy<\/strong><\/p>\n\n\n\n<p><strong>Inmobiliaria Drac<\/strong> may include changes in the Privacy Policy of this website. All changes will be made available on this website, in order to keep the user informed.<\/p>\n\t\t\t\t\t\t\t\t<\/div>\n\t\t\t\t<\/div>\n\t\t\t\t\t<\/div>\n\t\t\t\t<\/div>\n\t\t\t\t<\/div>\n\t\t","protected":false},"excerpt":{"rendered":"<p>Privacy Policy In accordance with the provisions of Article 9 of Law 34\/2002 of 11 July 2002 on Information Society Services and Electronic Commerce, it is hereby stated that this website is the property of Inmobiliaria Drac. Protection of personal data In compliance with current legislation, the data will be processed in accordance with the [&hellip;]<\/p>\n","protected":false},"author":1,"featured_media":0,"parent":0,"menu_order":0,"comment_status":"closed","ping_status":"closed","template":"elementor_header_footer","meta":{"_acf_changed":false,"_joinchat":[],"footnotes":""},"class_list":["post-3707","page","type-page","status-publish","hentry"],"acf":[],"yoast_head":"<!-- This site is optimized with the Yoast SEO plugin v27.3 - https:\/\/yoast.com\/product\/yoast-seo-wordpress\/ -->\n<title>Privacy Policy - RE\/MAX Drac<\/title>\n<meta name=\"robots\" content=\"index, follow, max-snippet:-1, max-image-preview:large, max-video-preview:-1\" \/>\n<link rel=\"canonical\" href=\"https:\/\/www.santanyi.net\/en\/privacy-policy\/\" \/>\n<meta property=\"og:locale\" content=\"en_US\" \/>\n<meta property=\"og:type\" content=\"article\" \/>\n<meta property=\"og:title\" content=\"Privacy Policy - RE\/MAX Drac\" \/>\n<meta property=\"og:description\" content=\"Privacy Policy In accordance with the provisions of Article 9 of Law 34\/2002 of 11 July 2002 on Information Society Services and Electronic Commerce, it is hereby stated that this website is the property of Inmobiliaria Drac. Protection of personal data In compliance with current legislation, the data will be processed in accordance with the [&hellip;]\" \/>\n<meta property=\"og:url\" content=\"https:\/\/www.santanyi.net\/en\/privacy-policy\/\" \/>\n<meta property=\"og:site_name\" content=\"RE\/MAX Drac\" \/>\n<meta property=\"article:modified_time\" content=\"2025-07-21T10:00:55+00:00\" \/>\n<meta name=\"twitter:card\" content=\"summary_large_image\" \/>\n<meta name=\"twitter:label1\" content=\"Est. reading time\" \/>\n\t<meta name=\"twitter:data1\" content=\"2 minutes\" \/>\n<script type=\"application\/ld+json\" class=\"yoast-schema-graph\">{\"@context\":\"https:\\\/\\\/schema.org\",\"@graph\":[{\"@type\":\"WebPage\",\"@id\":\"https:\\\/\\\/www.santanyi.net\\\/en\\\/privacy-policy\\\/\",\"url\":\"https:\\\/\\\/www.santanyi.net\\\/en\\\/privacy-policy\\\/\",\"name\":\"Privacy Policy - RE\\\/MAX Drac\",\"isPartOf\":{\"@id\":\"https:\\\/\\\/www.santanyi.net\\\/en\\\/#website\"},\"datePublished\":\"2025-06-05T09:54:49+00:00\",\"dateModified\":\"2025-07-21T10:00:55+00:00\",\"breadcrumb\":{\"@id\":\"https:\\\/\\\/www.santanyi.net\\\/en\\\/privacy-policy\\\/#breadcrumb\"},\"inLanguage\":\"en-US\",\"potentialAction\":[{\"@type\":\"ReadAction\",\"target\":[\"https:\\\/\\\/www.santanyi.net\\\/en\\\/privacy-policy\\\/\"]}]},{\"@type\":\"BreadcrumbList\",\"@id\":\"https:\\\/\\\/www.santanyi.net\\\/en\\\/privacy-policy\\\/#breadcrumb\",\"itemListElement\":[{\"@type\":\"ListItem\",\"position\":1,\"name\":\"Home\",\"item\":\"https:\\\/\\\/www.santanyi.net\\\/en\\\/\"},{\"@type\":\"ListItem\",\"position\":2,\"name\":\"Privacy Policy\"}]},{\"@type\":\"WebSite\",\"@id\":\"https:\\\/\\\/www.santanyi.net\\\/en\\\/#website\",\"url\":\"https:\\\/\\\/www.santanyi.net\\\/en\\\/\",\"name\":\"RE\\\/MAX Drac\",\"description\":\"\",\"publisher\":{\"@id\":\"https:\\\/\\\/www.santanyi.net\\\/en\\\/#organization\"},\"potentialAction\":[{\"@type\":\"SearchAction\",\"target\":{\"@type\":\"EntryPoint\",\"urlTemplate\":\"https:\\\/\\\/www.santanyi.net\\\/en\\\/?s={search_term_string}\"},\"query-input\":{\"@type\":\"PropertyValueSpecification\",\"valueRequired\":true,\"valueName\":\"search_term_string\"}}],\"inLanguage\":\"en-US\"},{\"@type\":\"Organization\",\"@id\":\"https:\\\/\\\/www.santanyi.net\\\/en\\\/#organization\",\"name\":\"RE\\\/MAX Drac\",\"url\":\"https:\\\/\\\/www.santanyi.net\\\/en\\\/\",\"logo\":{\"@type\":\"ImageObject\",\"inLanguage\":\"en-US\",\"@id\":\"https:\\\/\\\/www.santanyi.net\\\/en\\\/#\\\/schema\\\/logo\\\/image\\\/\",\"url\":\"https:\\\/\\\/www.santanyi.net\\\/wp-content\\\/uploads\\\/2025\\\/07\\\/logo-nuevo.png\",\"contentUrl\":\"https:\\\/\\\/www.santanyi.net\\\/wp-content\\\/uploads\\\/2025\\\/07\\\/logo-nuevo.png\",\"width\":295,\"height\":165,\"caption\":\"RE\\\/MAX Drac\"},\"image\":{\"@id\":\"https:\\\/\\\/www.santanyi.net\\\/en\\\/#\\\/schema\\\/logo\\\/image\\\/\"}}]}<\/script>\n<!-- \/ Yoast SEO plugin. -->","yoast_head_json":{"title":"Privacy Policy - RE\/MAX Drac","robots":{"index":"index","follow":"follow","max-snippet":"max-snippet:-1","max-image-preview":"max-image-preview:large","max-video-preview":"max-video-preview:-1"},"canonical":"https:\/\/www.santanyi.net\/en\/privacy-policy\/","og_locale":"en_US","og_type":"article","og_title":"Privacy Policy - RE\/MAX Drac","og_description":"Privacy Policy In accordance with the provisions of Article 9 of Law 34\/2002 of 11 July 2002 on Information Society Services and Electronic Commerce, it is hereby stated that this website is the property of Inmobiliaria Drac. Protection of personal data In compliance with current legislation, the data will be processed in accordance with the [&hellip;]","og_url":"https:\/\/www.santanyi.net\/en\/privacy-policy\/","og_site_name":"RE\/MAX Drac","article_modified_time":"2025-07-21T10:00:55+00:00","twitter_card":"summary_large_image","twitter_misc":{"Est. reading time":"2 minutes"},"schema":{"@context":"https:\/\/schema.org","@graph":[{"@type":"WebPage","@id":"https:\/\/www.santanyi.net\/en\/privacy-policy\/","url":"https:\/\/www.santanyi.net\/en\/privacy-policy\/","name":"Privacy Policy - RE\/MAX Drac","isPartOf":{"@id":"https:\/\/www.santanyi.net\/en\/#website"},"datePublished":"2025-06-05T09:54:49+00:00","dateModified":"2025-07-21T10:00:55+00:00","breadcrumb":{"@id":"https:\/\/www.santanyi.net\/en\/privacy-policy\/#breadcrumb"},"inLanguage":"en-US","potentialAction":[{"@type":"ReadAction","target":["https:\/\/www.santanyi.net\/en\/privacy-policy\/"]}]},{"@type":"BreadcrumbList","@id":"https:\/\/www.santanyi.net\/en\/privacy-policy\/#breadcrumb","itemListElement":[{"@type":"ListItem","position":1,"name":"Home","item":"https:\/\/www.santanyi.net\/en\/"},{"@type":"ListItem","position":2,"name":"Privacy Policy"}]},{"@type":"WebSite","@id":"https:\/\/www.santanyi.net\/en\/#website","url":"https:\/\/www.santanyi.net\/en\/","name":"RE\/MAX Drac","description":"","publisher":{"@id":"https:\/\/www.santanyi.net\/en\/#organization"},"potentialAction":[{"@type":"SearchAction","target":{"@type":"EntryPoint","urlTemplate":"https:\/\/www.santanyi.net\/en\/?s={search_term_string}"},"query-input":{"@type":"PropertyValueSpecification","valueRequired":true,"valueName":"search_term_string"}}],"inLanguage":"en-US"},{"@type":"Organization","@id":"https:\/\/www.santanyi.net\/en\/#organization","name":"RE\/MAX Drac","url":"https:\/\/www.santanyi.net\/en\/","logo":{"@type":"ImageObject","inLanguage":"en-US","@id":"https:\/\/www.santanyi.net\/en\/#\/schema\/logo\/image\/","url":"https:\/\/www.santanyi.net\/wp-content\/uploads\/2025\/07\/logo-nuevo.png","contentUrl":"https:\/\/www.santanyi.net\/wp-content\/uploads\/2025\/07\/logo-nuevo.png","width":295,"height":165,"caption":"RE\/MAX Drac"},"image":{"@id":"https:\/\/www.santanyi.net\/en\/#\/schema\/logo\/image\/"}}]}},"_links":{"self":[{"href":"https:\/\/www.santanyi.net\/en\/wp-json\/wp\/v2\/pages\/3707","targetHints":{"allow":["GET"]}}],"collection":[{"href":"https:\/\/www.santanyi.net\/en\/wp-json\/wp\/v2\/pages"}],"about":[{"href":"https:\/\/www.santanyi.net\/en\/wp-json\/wp\/v2\/types\/page"}],"author":[{"embeddable":true,"href":"https:\/\/www.santanyi.net\/en\/wp-json\/wp\/v2\/users\/1"}],"replies":[{"embeddable":true,"href":"https:\/\/www.santanyi.net\/en\/wp-json\/wp\/v2\/comments?post=3707"}],"version-history":[{"count":0,"href":"https:\/\/www.santanyi.net\/en\/wp-json\/wp\/v2\/pages\/3707\/revisions"}],"wp:attachment":[{"href":"https:\/\/www.santanyi.net\/en\/wp-json\/wp\/v2\/media?parent=3707"}],"curies":[{"name":"wp","href":"https:\/\/api.w.org\/{rel}","templated":true}]}}