
{"id":3759,"date":"2025-06-05T09:54:49","date_gmt":"2025-06-05T09:54:49","guid":{"rendered":"https:\/\/www.santanyi.net\/datenschutzbestimmungen\/"},"modified":"2025-07-21T10:47:03","modified_gmt":"2025-07-21T10:47:03","slug":"datenschutzbestimmungen","status":"publish","type":"page","link":"https:\/\/www.santanyi.net\/de\/datenschutzbestimmungen\/","title":{"rendered":"Datenschutzbestimmungen"},"content":{"rendered":"\t\t<div data-elementor-type=\"wp-page\" data-elementor-id=\"3759\" class=\"elementor elementor-3759 elementor-3\" data-elementor-post-type=\"page\">\n\t\t\t\t<div data-particle_enable=\"false\" data-particle-mobile-disabled=\"false\" class=\"elementor-element elementor-element-c821d66 e-flex e-con-boxed e-con e-parent\" data-id=\"c821d66\" data-element_type=\"container\" data-e-type=\"container\" data-settings=\"{&quot;background_background&quot;:&quot;classic&quot;}\">\n\t\t\t\t\t<div class=\"e-con-inner\">\n\t\t\t\t<div class=\"elementor-element elementor-element-bd80ccf elementor-widget elementor-widget-heading\" data-id=\"bd80ccf\" data-element_type=\"widget\" data-e-type=\"widget\" data-widget_type=\"heading.default\">\n\t\t\t\t<div class=\"elementor-widget-container\">\n\t\t\t\t\t<h2 class=\"elementor-heading-title elementor-size-default\">Datenschutzbestimmungen<\/h2>\t\t\t\t<\/div>\n\t\t\t\t<\/div>\n\t\t\t\t<div class=\"elementor-element elementor-element-3e4e7db elementor-widget elementor-widget-text-editor\" data-id=\"3e4e7db\" data-element_type=\"widget\" data-e-type=\"widget\" data-widget_type=\"text-editor.default\">\n\t\t\t\t<div class=\"elementor-widget-container\">\n\t\t\t\t\t\t\t\t\t\n<p>Gem\u00e4\u00df den Bestimmungen von Artikel 9 des Gesetzes 34\/2002 vom 11. Juli 2002 \u00fcber die Dienste der Informationsgesellschaft und den elektronischen Handel wird hiermit erkl\u00e4rt, dass diese Website Eigentum von <strong>Inmobiliaria Drac<\/strong> ist.<\/p>\n\n\n\n<p><strong>Schutz von personenbezogenen Daten<\/strong><\/p>\n\n\n\n<p>Im Rahmen der Einhaltung der geltenden Rechtsvorschriften werden die Daten gem\u00e4\u00df den Bestimmungen der geltenden Vorschriften zum Schutz personenbezogener Daten, der Verordnung (US) 2016\/679 vom 27. April 2016 (GDPR) zum Schutz nat\u00fcrlicher Personen bei der Verarbeitung personenbezogener Daten und zum freien Datenverkehr und Artikel 10 des Gesetzes 34\/2002 vom 11. Juli \u00fcber die Dienste der Informationsgesellschaft und den elektronischen Handel verarbeitet. (LSSI-CE) informiert <strong>Inmobiliaria Drac<\/strong> die Nutzer, dass die in die Kontaktformulare eingegebenen Daten und andere Daten in Dateien gespeichert werden, die Eigentum von <strong>Inmobiliaria Drac<\/strong> sind. <strong>Inmobiliaria Drac<\/strong> verpflichtet sich au\u00dferdem, die Inhalte nicht f\u00fcr andere Zwecke als die, f\u00fcr die sie erhoben wurden, zu verwenden, ein H\u00f6chstma\u00df an Vertraulichkeit zu gew\u00e4hrleisten und die notwendigen technischen und sicherheitstechnischen Ma\u00dfnahmen zu ergreifen, um den unbefugten Zugriff auf diese Daten zu verhindern, wie es die geltende Gesetzgebung zum Datenschutz vorsieht.  <\/p>\n\n\n\n<p><strong>2. Recht auf Auskunft, Berichtigung und L\u00f6schung<\/strong><\/p>\n\n\n\n<p>Der Inhaber der Daten hat das Recht auf Zugang, Berichtigung, L\u00f6schung und Widerspruch zu seinen Daten. Um diese Rechte auszu\u00fcben, k\u00f6nnen die Betroffenen einen schriftlichen Antrag per Post an die Adresse Pla\u00e7a Major 11, an die Kontakt-E-Mail info@santanyi.net oder telefonisch an 971654300 richten. <\/p>\n\n\n\n<p><strong>3. Weitergabe von Informationen an Dritte<\/strong><\/p>\n\n\n\n<p><strong>Inmobiliaria Drac<\/strong> verpflichtet sich, die auf ihren Websites gesammelten personenbezogenen Daten nicht an andere Unternehmen zu verkaufen oder zu \u00fcbertragen, damit diese sie nutzen k\u00f6nnen, ohne dass Sie Ihre ausdr\u00fcckliche Zustimmung erteilt und Ihnen die M\u00f6glichkeit gegeben haben, von Ihrem oben genannten Widerrufs- und Widerspruchsrecht Gebrauch zu machen.<\/p>\n\n\n\n<p><strong>4. Externe Links<\/strong><\/p>\n\n\n\n<p>Wenn der Benutzer diese Website \u00fcber Links zu Websites verl\u00e4sst, die nicht zu unserem Unternehmen geh\u00f6ren, ist <strong>Inmobiliaria Drac<\/strong> nicht verantwortlich f\u00fcr die Datenschutzrichtlinien dieser Websites oder f\u00fcr die Cookies, die sie auf dem Computer des Benutzers speichern.<\/p>\n\n\n\n<p><strong>5. Rechtliche Fragen<\/strong><\/p>\n\n\n\n<p>Dies ist eine Website, die dem spanischen Recht unterliegt. <strong>Inmobiliaria Drac<\/strong> kann die vom Nutzer zur Verf\u00fcgung gestellten personenbezogenen Daten ohne dessen Zustimmung offenlegen, wenn dies gesetzlich vorgeschrieben ist oder in gutem Glauben erfolgt, sofern dies zur Untersuchung oder zum Schutz der G\u00e4ste, Besucher oder Mitarbeiter von<strong> Inmobiliaria Drac<\/strong> oder des Eigentums von Inmobiliaria Drac (einschlie\u00dflich dieser Website) erforderlich ist.<br>*** \u00dcbersetzt mit www.DeepL.com\/Translator (kostenlose Version) ***<\/p>\n\n\n\n<p><strong>6. \u00c4nderungen an der Datenschutzrichtlinie dieser Website<\/strong><\/p>\n\n\n\n<p><strong>Inmobiliaria Drac<\/strong> kann \u00c4nderungen an der Datenschutzpolitik dieser Website vornehmen. Alle \u00c4nderungen werden auf dieser Website zur Verf\u00fcgung gestellt, um den Benutzer zu informieren. <\/p>\n\t\t\t\t\t\t\t\t<\/div>\n\t\t\t\t<\/div>\n\t\t\t\t\t<\/div>\n\t\t\t\t<\/div>\n\t\t\t\t<\/div>\n\t\t","protected":false},"excerpt":{"rendered":"<p>Datenschutzbestimmungen Gem\u00e4\u00df den Bestimmungen von Artikel 9 des Gesetzes 34\/2002 vom 11. Juli 2002 \u00fcber die Dienste der Informationsgesellschaft und den elektronischen Handel wird hiermit erkl\u00e4rt, dass diese Website Eigentum von Inmobiliaria Drac ist. Schutz von personenbezogenen Daten Im Rahmen der Einhaltung der geltenden Rechtsvorschriften werden die Daten gem\u00e4\u00df den Bestimmungen der geltenden Vorschriften zum [&hellip;]<\/p>\n","protected":false},"author":1,"featured_media":0,"parent":0,"menu_order":0,"comment_status":"closed","ping_status":"closed","template":"elementor_header_footer","meta":{"_acf_changed":false,"_joinchat":[],"footnotes":""},"class_list":["post-3759","page","type-page","status-publish","hentry"],"acf":[],"yoast_head":"<!-- This site is optimized with the Yoast SEO plugin v27.3 - https:\/\/yoast.com\/product\/yoast-seo-wordpress\/ -->\n<title>Datenschutzbestimmungen - RE\/MAX Drac<\/title>\n<meta name=\"robots\" content=\"index, follow, max-snippet:-1, max-image-preview:large, max-video-preview:-1\" \/>\n<link rel=\"canonical\" href=\"https:\/\/www.santanyi.net\/de\/datenschutzbestimmungen\/\" \/>\n<meta property=\"og:locale\" content=\"de_DE\" \/>\n<meta property=\"og:type\" content=\"article\" \/>\n<meta property=\"og:title\" content=\"Datenschutzbestimmungen - RE\/MAX Drac\" \/>\n<meta property=\"og:description\" content=\"Datenschutzbestimmungen Gem\u00e4\u00df den Bestimmungen von Artikel 9 des Gesetzes 34\/2002 vom 11. Juli 2002 \u00fcber die Dienste der Informationsgesellschaft und den elektronischen Handel wird hiermit erkl\u00e4rt, dass diese Website Eigentum von Inmobiliaria Drac ist. Schutz von personenbezogenen Daten Im Rahmen der Einhaltung der geltenden Rechtsvorschriften werden die Daten gem\u00e4\u00df den Bestimmungen der geltenden Vorschriften zum [&hellip;]\" \/>\n<meta property=\"og:url\" content=\"https:\/\/www.santanyi.net\/de\/datenschutzbestimmungen\/\" \/>\n<meta property=\"og:site_name\" content=\"RE\/MAX Drac\" \/>\n<meta property=\"article:modified_time\" content=\"2025-07-21T10:47:03+00:00\" \/>\n<meta name=\"twitter:card\" content=\"summary_large_image\" \/>\n<meta name=\"twitter:label1\" content=\"Gesch\u00e4tzte Lesezeit\" \/>\n\t<meta name=\"twitter:data1\" content=\"2\u00a0Minuten\" \/>\n<script type=\"application\/ld+json\" class=\"yoast-schema-graph\">{\"@context\":\"https:\\\/\\\/schema.org\",\"@graph\":[{\"@type\":\"WebPage\",\"@id\":\"https:\\\/\\\/www.santanyi.net\\\/de\\\/datenschutzbestimmungen\\\/\",\"url\":\"https:\\\/\\\/www.santanyi.net\\\/de\\\/datenschutzbestimmungen\\\/\",\"name\":\"Datenschutzbestimmungen - RE\\\/MAX Drac\",\"isPartOf\":{\"@id\":\"https:\\\/\\\/www.santanyi.net\\\/de\\\/#website\"},\"datePublished\":\"2025-06-05T09:54:49+00:00\",\"dateModified\":\"2025-07-21T10:47:03+00:00\",\"breadcrumb\":{\"@id\":\"https:\\\/\\\/www.santanyi.net\\\/de\\\/datenschutzbestimmungen\\\/#breadcrumb\"},\"inLanguage\":\"de\",\"potentialAction\":[{\"@type\":\"ReadAction\",\"target\":[\"https:\\\/\\\/www.santanyi.net\\\/de\\\/datenschutzbestimmungen\\\/\"]}]},{\"@type\":\"BreadcrumbList\",\"@id\":\"https:\\\/\\\/www.santanyi.net\\\/de\\\/datenschutzbestimmungen\\\/#breadcrumb\",\"itemListElement\":[{\"@type\":\"ListItem\",\"position\":1,\"name\":\"Home\",\"item\":\"https:\\\/\\\/www.santanyi.net\\\/de\\\/\"},{\"@type\":\"ListItem\",\"position\":2,\"name\":\"Datenschutzbestimmungen\"}]},{\"@type\":\"WebSite\",\"@id\":\"https:\\\/\\\/www.santanyi.net\\\/de\\\/#website\",\"url\":\"https:\\\/\\\/www.santanyi.net\\\/de\\\/\",\"name\":\"RE\\\/MAX Drac\",\"description\":\"\",\"publisher\":{\"@id\":\"https:\\\/\\\/www.santanyi.net\\\/de\\\/#organization\"},\"potentialAction\":[{\"@type\":\"SearchAction\",\"target\":{\"@type\":\"EntryPoint\",\"urlTemplate\":\"https:\\\/\\\/www.santanyi.net\\\/de\\\/?s={search_term_string}\"},\"query-input\":{\"@type\":\"PropertyValueSpecification\",\"valueRequired\":true,\"valueName\":\"search_term_string\"}}],\"inLanguage\":\"de\"},{\"@type\":\"Organization\",\"@id\":\"https:\\\/\\\/www.santanyi.net\\\/de\\\/#organization\",\"name\":\"RE\\\/MAX Drac\",\"url\":\"https:\\\/\\\/www.santanyi.net\\\/de\\\/\",\"logo\":{\"@type\":\"ImageObject\",\"inLanguage\":\"de\",\"@id\":\"https:\\\/\\\/www.santanyi.net\\\/de\\\/#\\\/schema\\\/logo\\\/image\\\/\",\"url\":\"https:\\\/\\\/www.santanyi.net\\\/wp-content\\\/uploads\\\/2025\\\/07\\\/logo-nuevo.png\",\"contentUrl\":\"https:\\\/\\\/www.santanyi.net\\\/wp-content\\\/uploads\\\/2025\\\/07\\\/logo-nuevo.png\",\"width\":295,\"height\":165,\"caption\":\"RE\\\/MAX Drac\"},\"image\":{\"@id\":\"https:\\\/\\\/www.santanyi.net\\\/de\\\/#\\\/schema\\\/logo\\\/image\\\/\"}}]}<\/script>\n<!-- \/ Yoast SEO plugin. -->","yoast_head_json":{"title":"Datenschutzbestimmungen - RE\/MAX Drac","robots":{"index":"index","follow":"follow","max-snippet":"max-snippet:-1","max-image-preview":"max-image-preview:large","max-video-preview":"max-video-preview:-1"},"canonical":"https:\/\/www.santanyi.net\/de\/datenschutzbestimmungen\/","og_locale":"de_DE","og_type":"article","og_title":"Datenschutzbestimmungen - RE\/MAX Drac","og_description":"Datenschutzbestimmungen Gem\u00e4\u00df den Bestimmungen von Artikel 9 des Gesetzes 34\/2002 vom 11. Juli 2002 \u00fcber die Dienste der Informationsgesellschaft und den elektronischen Handel wird hiermit erkl\u00e4rt, dass diese Website Eigentum von Inmobiliaria Drac ist. Schutz von personenbezogenen Daten Im Rahmen der Einhaltung der geltenden Rechtsvorschriften werden die Daten gem\u00e4\u00df den Bestimmungen der geltenden Vorschriften zum [&hellip;]","og_url":"https:\/\/www.santanyi.net\/de\/datenschutzbestimmungen\/","og_site_name":"RE\/MAX Drac","article_modified_time":"2025-07-21T10:47:03+00:00","twitter_card":"summary_large_image","twitter_misc":{"Gesch\u00e4tzte Lesezeit":"2\u00a0Minuten"},"schema":{"@context":"https:\/\/schema.org","@graph":[{"@type":"WebPage","@id":"https:\/\/www.santanyi.net\/de\/datenschutzbestimmungen\/","url":"https:\/\/www.santanyi.net\/de\/datenschutzbestimmungen\/","name":"Datenschutzbestimmungen - RE\/MAX Drac","isPartOf":{"@id":"https:\/\/www.santanyi.net\/de\/#website"},"datePublished":"2025-06-05T09:54:49+00:00","dateModified":"2025-07-21T10:47:03+00:00","breadcrumb":{"@id":"https:\/\/www.santanyi.net\/de\/datenschutzbestimmungen\/#breadcrumb"},"inLanguage":"de","potentialAction":[{"@type":"ReadAction","target":["https:\/\/www.santanyi.net\/de\/datenschutzbestimmungen\/"]}]},{"@type":"BreadcrumbList","@id":"https:\/\/www.santanyi.net\/de\/datenschutzbestimmungen\/#breadcrumb","itemListElement":[{"@type":"ListItem","position":1,"name":"Home","item":"https:\/\/www.santanyi.net\/de\/"},{"@type":"ListItem","position":2,"name":"Datenschutzbestimmungen"}]},{"@type":"WebSite","@id":"https:\/\/www.santanyi.net\/de\/#website","url":"https:\/\/www.santanyi.net\/de\/","name":"RE\/MAX Drac","description":"","publisher":{"@id":"https:\/\/www.santanyi.net\/de\/#organization"},"potentialAction":[{"@type":"SearchAction","target":{"@type":"EntryPoint","urlTemplate":"https:\/\/www.santanyi.net\/de\/?s={search_term_string}"},"query-input":{"@type":"PropertyValueSpecification","valueRequired":true,"valueName":"search_term_string"}}],"inLanguage":"de"},{"@type":"Organization","@id":"https:\/\/www.santanyi.net\/de\/#organization","name":"RE\/MAX Drac","url":"https:\/\/www.santanyi.net\/de\/","logo":{"@type":"ImageObject","inLanguage":"de","@id":"https:\/\/www.santanyi.net\/de\/#\/schema\/logo\/image\/","url":"https:\/\/www.santanyi.net\/wp-content\/uploads\/2025\/07\/logo-nuevo.png","contentUrl":"https:\/\/www.santanyi.net\/wp-content\/uploads\/2025\/07\/logo-nuevo.png","width":295,"height":165,"caption":"RE\/MAX Drac"},"image":{"@id":"https:\/\/www.santanyi.net\/de\/#\/schema\/logo\/image\/"}}]}},"_links":{"self":[{"href":"https:\/\/www.santanyi.net\/de\/wp-json\/wp\/v2\/pages\/3759","targetHints":{"allow":["GET"]}}],"collection":[{"href":"https:\/\/www.santanyi.net\/de\/wp-json\/wp\/v2\/pages"}],"about":[{"href":"https:\/\/www.santanyi.net\/de\/wp-json\/wp\/v2\/types\/page"}],"author":[{"embeddable":true,"href":"https:\/\/www.santanyi.net\/de\/wp-json\/wp\/v2\/users\/1"}],"replies":[{"embeddable":true,"href":"https:\/\/www.santanyi.net\/de\/wp-json\/wp\/v2\/comments?post=3759"}],"version-history":[{"count":0,"href":"https:\/\/www.santanyi.net\/de\/wp-json\/wp\/v2\/pages\/3759\/revisions"}],"wp:attachment":[{"href":"https:\/\/www.santanyi.net\/de\/wp-json\/wp\/v2\/media?parent=3759"}],"curies":[{"name":"wp","href":"https:\/\/api.w.org\/{rel}","templated":true}]}}