
{"id":3755,"date":"2025-06-20T08:30:24","date_gmt":"2025-06-20T08:30:24","guid":{"rendered":"https:\/\/www.santanyi.net\/cookie-richtlinie\/"},"modified":"2025-07-21T10:45:45","modified_gmt":"2025-07-21T10:45:45","slug":"cookie-richtlinie","status":"publish","type":"page","link":"https:\/\/www.santanyi.net\/de\/cookie-richtlinie\/","title":{"rendered":"Cookie-Richtlinie"},"content":{"rendered":"\t\t<div data-elementor-type=\"wp-page\" data-elementor-id=\"3755\" class=\"elementor elementor-3755 elementor-1349\" data-elementor-post-type=\"page\">\n\t\t\t\t<div data-particle_enable=\"false\" data-particle-mobile-disabled=\"false\" class=\"elementor-element elementor-element-8a29fee e-flex e-con-boxed e-con e-parent\" data-id=\"8a29fee\" data-element_type=\"container\" data-e-type=\"container\" data-settings=\"{&quot;background_background&quot;:&quot;classic&quot;}\">\n\t\t\t\t\t<div class=\"e-con-inner\">\n\t\t\t\t<div class=\"elementor-element elementor-element-76aa1fd elementor-widget elementor-widget-heading\" data-id=\"76aa1fd\" data-element_type=\"widget\" data-e-type=\"widget\" data-widget_type=\"heading.default\">\n\t\t\t\t<div class=\"elementor-widget-container\">\n\t\t\t\t\t<h2 class=\"elementor-heading-title elementor-size-default\">Cookie-Richtlinie<\/h2>\t\t\t\t<\/div>\n\t\t\t\t<\/div>\n\t\t\t\t<div class=\"elementor-element elementor-element-82ba1e1 elementor-widget elementor-widget-text-editor\" data-id=\"82ba1e1\" data-element_type=\"widget\" data-e-type=\"widget\" data-widget_type=\"text-editor.default\">\n\t\t\t\t<div class=\"elementor-widget-container\">\n\t\t\t\t\t\t\t\t\t<p><strong>1. was sind Cookies?<\/strong><\/p><p>Cookies sind kleine Softwaredateien, die von Ihrem Browser auf Ihrem Computer gespeichert werden und nur Informationen \u00fcber Ihre Pr\u00e4ferenzen, aber keine pers\u00f6nlichen Daten enthalten.<\/p><p><strong>2. wof\u00fcr werden Cookies verwendet?<\/strong><\/p><p>Cookies helfen dabei, die N\u00fctzlichkeit, das Interesse und die H\u00e4ufigkeit der Nutzung von Websites zu ermitteln, was eine schnellere und effizientere Navigation erm\u00f6glicht und die wiederholte Eingabe derselben Informationen vermeidet.<\/p><p><strong>3. welche Art von Cookies verwenden wir?<\/strong><\/p><p>Es gibt zwei Gruppen von Cookies, die verwendet werden k\u00f6nnen:<\/p><ul><li>Dauerhafte Cookies: Dies sind Cookies, die auf Browserebene auf Ihren Zugangsger\u00e4ten (Computer, Handy und Tablet) gespeichert werden und jedes Mal verwendet werden, wenn Sie eine unserer Websites besuchen. Sie werden in der Regel verwendet, um das Surfen auf die Interessen des Nutzers abzustimmen, so dass wir einen personalisierten Service anbieten k\u00f6nnen. <\/li><li>Session-Cookies: Dies sind tempor\u00e4re Cookies, die in der Cookie-Datei Ihres Browsers verbleiben, bis Sie die Website verlassen. Die durch diese Cookies erhaltenen Informationen werden verwendet, um die Muster des Web-Verkehrs zu analysieren, damit wir Probleme erkennen und ein besseres Surferlebnis bieten k\u00f6nnen. <\/li><\/ul><p><strong>4. wie lange werden Cookies auf meinem Ger\u00e4t gespeichert?<\/strong><\/p><p>Es k\u00f6nnen zwei Arten von Cookies gespeichert werden:<\/p><ul><li>Session-Cookies: Diese werden automatisch gel\u00f6scht, wenn Sie Ihren Browser schlie\u00dfen.<\/li><li>Dauerhafte Cookies: verbleiben auf Ihrem Computer, bis sie gel\u00f6scht werden oder ablaufen. Dauerhafte Cookies k\u00f6nnen Ihre Benutzerpr\u00e4ferenzen beibehalten, um das zuk\u00fcnftige Surfen einfacher und relevanter zu machen. <\/li><\/ul><p><strong>5. wo werden Ihre Daten gespeichert und verarbeitet?<\/strong><\/p><p>Wir k\u00f6nnen die Informationen, die wir \u00fcber Sie sammeln, au\u00dferhalb Ihres Heimatlandes \u00fcbertragen und speichern. Sie k\u00f6nnen von unserem internen Team oder von Dritten, die Dienstleistungen f\u00fcr Drac Real Estate erbringen, verarbeitet werden. Wenn wir dies tun, stellen wir sicher, dass die Informationen sicher und angemessen gesch\u00fctzt sind. Diese Ma\u00dfnahmen werden auf der Grundlage von Angemessenheitsbeschl\u00fcssen oder durch die Anwendung geeigneter Schutzma\u00dfnahmen (z. B. Standardvertragsklauseln) getroffen.   <\/p><p><strong>6. wie kann ich meine Cookie-Einstellungen \u00e4ndern?<\/strong><\/p><p>Sie k\u00f6nnen Ihre Cookie-Pr\u00e4ferenzen \u00fcber Ihre Cookie-Einstellungen \u00e4ndern.<\/p><p><strong>7. Art des Cookies und Zweck:<\/strong><\/p><p><strong>7.1. Streng notwendige Cookies<\/strong><\/p><p>Sie erm\u00f6glichen die Navigation auf der Website und die Nutzung ihrer Anwendungen sowie den Zugang zu sicheren Bereichen der Website. Ohne diese Cookies k\u00f6nnen die von Ihnen angeforderten Dienstleistungen nicht erbracht werden. <\/p><p><strong>7.2. Analytische Cookies<\/strong><\/p><p>Sie werden in anonymer Form verwendet, um Statistiken zu erstellen und zu analysieren, um das Funktionieren der Website zu verbessern.<\/p><p><strong>7.3. Funktionalit\u00e4t der Cookies<\/strong><\/p><p>Sie speichern die Pr\u00e4ferenzen des Nutzers in Bezug auf die Nutzung der Website, so dass es nicht notwendig ist, sie bei jedem Besuch der Website neu zu konfigurieren.<\/p><p><strong>7.4. Cookies von Dritten<\/strong><\/p><p>Sie messen den Erfolg von Anwendungen und die Wirksamkeit von Werbung Dritter. Sie k\u00f6nnen auch verwendet werden, um ein Widget mit Nutzerdaten zu personalisieren. <\/p><p><strong>7.5. Werbung Cookies<\/strong><\/p><p>Sie richten die Werbung nach den Interessen der einzelnen Nutzer aus und begrenzen auch die Anzahl der Anzeigen, was dazu beitr\u00e4gt, die Wirksamkeit der Werbung und den Erfolg der Website zu messen.<\/p><p><strong>7.6. Technische Cookies<\/strong><\/p><p>Diese Website verwendet nur Cookies, die das Funktionieren und die Erbringung der angebotenen Dienste erm\u00f6glichen, und gegebenenfalls eigene Cookies, die ausschlie\u00dflich dem Zweck dienen, die Besucherzahlen zu messen, und daher nicht als zustimmungspflichtig gelten. Daher wird in \u00dcbereinstimmung mit Artikel 22 des Gesetzes \u00fcber die Dienste der Informationsgesellschaft, Ihre Zustimmung ist nicht f\u00fcr ihre Installation erforderlich. <\/p><p>Links https:\/\/allaboutcookies.org\/<\/p><p> <\/p>\t\t\t\t\t\t\t\t<\/div>\n\t\t\t\t<\/div>\n\t\t\t\t\t<\/div>\n\t\t\t\t<\/div>\n\t\t\t\t<\/div>\n\t\t","protected":false},"excerpt":{"rendered":"<p>Cookie-Richtlinie 1. was sind Cookies? Cookies sind kleine Softwaredateien, die von Ihrem Browser auf Ihrem Computer gespeichert werden und nur Informationen \u00fcber Ihre Pr\u00e4ferenzen, aber keine pers\u00f6nlichen Daten enthalten. 2. wof\u00fcr werden Cookies verwendet? Cookies helfen dabei, die N\u00fctzlichkeit, das Interesse und die H\u00e4ufigkeit der Nutzung von Websites zu ermitteln, was eine schnellere und effizientere [&hellip;]<\/p>\n","protected":false},"author":1,"featured_media":0,"parent":0,"menu_order":0,"comment_status":"closed","ping_status":"closed","template":"elementor_header_footer","meta":{"_acf_changed":false,"_joinchat":[],"footnotes":""},"class_list":["post-3755","page","type-page","status-publish","hentry"],"acf":[],"yoast_head":"<!-- This site is optimized with the Yoast SEO plugin v27.5 - https:\/\/yoast.com\/product\/yoast-seo-wordpress\/ -->\n<title>Cookie-Richtlinie - RE\/MAX Drac<\/title>\n<meta name=\"robots\" content=\"index, follow, max-snippet:-1, max-image-preview:large, max-video-preview:-1\" \/>\n<link rel=\"canonical\" href=\"https:\/\/www.santanyi.net\/de\/cookie-richtlinie\/\" \/>\n<meta property=\"og:locale\" content=\"de_DE\" \/>\n<meta property=\"og:type\" content=\"article\" \/>\n<meta property=\"og:title\" content=\"Cookie-Richtlinie - RE\/MAX Drac\" \/>\n<meta property=\"og:description\" content=\"Cookie-Richtlinie 1. was sind Cookies? Cookies sind kleine Softwaredateien, die von Ihrem Browser auf Ihrem Computer gespeichert werden und nur Informationen \u00fcber Ihre Pr\u00e4ferenzen, aber keine pers\u00f6nlichen Daten enthalten. 2. wof\u00fcr werden Cookies verwendet? Cookies helfen dabei, die N\u00fctzlichkeit, das Interesse und die H\u00e4ufigkeit der Nutzung von Websites zu ermitteln, was eine schnellere und effizientere [&hellip;]\" \/>\n<meta property=\"og:url\" content=\"https:\/\/www.santanyi.net\/de\/cookie-richtlinie\/\" \/>\n<meta property=\"og:site_name\" content=\"RE\/MAX Drac\" \/>\n<meta property=\"article:modified_time\" content=\"2025-07-21T10:45:45+00:00\" \/>\n<meta name=\"twitter:card\" content=\"summary_large_image\" \/>\n<meta name=\"twitter:label1\" content=\"Gesch\u00e4tzte Lesezeit\" \/>\n\t<meta name=\"twitter:data1\" content=\"3\u00a0Minuten\" \/>\n<script type=\"application\/ld+json\" class=\"yoast-schema-graph\">{\"@context\":\"https:\\\/\\\/schema.org\",\"@graph\":[{\"@type\":\"WebPage\",\"@id\":\"https:\\\/\\\/www.santanyi.net\\\/de\\\/cookie-richtlinie\\\/\",\"url\":\"https:\\\/\\\/www.santanyi.net\\\/de\\\/cookie-richtlinie\\\/\",\"name\":\"Cookie-Richtlinie - RE\\\/MAX Drac\",\"isPartOf\":{\"@id\":\"https:\\\/\\\/www.santanyi.net\\\/de\\\/#website\"},\"datePublished\":\"2025-06-20T08:30:24+00:00\",\"dateModified\":\"2025-07-21T10:45:45+00:00\",\"breadcrumb\":{\"@id\":\"https:\\\/\\\/www.santanyi.net\\\/de\\\/cookie-richtlinie\\\/#breadcrumb\"},\"inLanguage\":\"de\",\"potentialAction\":[{\"@type\":\"ReadAction\",\"target\":[\"https:\\\/\\\/www.santanyi.net\\\/de\\\/cookie-richtlinie\\\/\"]}]},{\"@type\":\"BreadcrumbList\",\"@id\":\"https:\\\/\\\/www.santanyi.net\\\/de\\\/cookie-richtlinie\\\/#breadcrumb\",\"itemListElement\":[{\"@type\":\"ListItem\",\"position\":1,\"name\":\"Home\",\"item\":\"https:\\\/\\\/www.santanyi.net\\\/de\\\/\"},{\"@type\":\"ListItem\",\"position\":2,\"name\":\"Cookie-Richtlinie\"}]},{\"@type\":\"WebSite\",\"@id\":\"https:\\\/\\\/www.santanyi.net\\\/de\\\/#website\",\"url\":\"https:\\\/\\\/www.santanyi.net\\\/de\\\/\",\"name\":\"RE\\\/MAX Drac\",\"description\":\"\",\"publisher\":{\"@id\":\"https:\\\/\\\/www.santanyi.net\\\/de\\\/#organization\"},\"potentialAction\":[{\"@type\":\"SearchAction\",\"target\":{\"@type\":\"EntryPoint\",\"urlTemplate\":\"https:\\\/\\\/www.santanyi.net\\\/de\\\/?s={search_term_string}\"},\"query-input\":{\"@type\":\"PropertyValueSpecification\",\"valueRequired\":true,\"valueName\":\"search_term_string\"}}],\"inLanguage\":\"de\"},{\"@type\":\"Organization\",\"@id\":\"https:\\\/\\\/www.santanyi.net\\\/de\\\/#organization\",\"name\":\"RE\\\/MAX Drac\",\"url\":\"https:\\\/\\\/www.santanyi.net\\\/de\\\/\",\"logo\":{\"@type\":\"ImageObject\",\"inLanguage\":\"de\",\"@id\":\"https:\\\/\\\/www.santanyi.net\\\/de\\\/#\\\/schema\\\/logo\\\/image\\\/\",\"url\":\"https:\\\/\\\/www.santanyi.net\\\/wp-content\\\/uploads\\\/2025\\\/07\\\/logo-nuevo.png\",\"contentUrl\":\"https:\\\/\\\/www.santanyi.net\\\/wp-content\\\/uploads\\\/2025\\\/07\\\/logo-nuevo.png\",\"width\":295,\"height\":165,\"caption\":\"RE\\\/MAX Drac\"},\"image\":{\"@id\":\"https:\\\/\\\/www.santanyi.net\\\/de\\\/#\\\/schema\\\/logo\\\/image\\\/\"}}]}<\/script>\n<!-- \/ Yoast SEO plugin. -->","yoast_head_json":{"title":"Cookie-Richtlinie - RE\/MAX Drac","robots":{"index":"index","follow":"follow","max-snippet":"max-snippet:-1","max-image-preview":"max-image-preview:large","max-video-preview":"max-video-preview:-1"},"canonical":"https:\/\/www.santanyi.net\/de\/cookie-richtlinie\/","og_locale":"de_DE","og_type":"article","og_title":"Cookie-Richtlinie - RE\/MAX Drac","og_description":"Cookie-Richtlinie 1. was sind Cookies? Cookies sind kleine Softwaredateien, die von Ihrem Browser auf Ihrem Computer gespeichert werden und nur Informationen \u00fcber Ihre Pr\u00e4ferenzen, aber keine pers\u00f6nlichen Daten enthalten. 2. wof\u00fcr werden Cookies verwendet? Cookies helfen dabei, die N\u00fctzlichkeit, das Interesse und die H\u00e4ufigkeit der Nutzung von Websites zu ermitteln, was eine schnellere und effizientere [&hellip;]","og_url":"https:\/\/www.santanyi.net\/de\/cookie-richtlinie\/","og_site_name":"RE\/MAX Drac","article_modified_time":"2025-07-21T10:45:45+00:00","twitter_card":"summary_large_image","twitter_misc":{"Gesch\u00e4tzte Lesezeit":"3\u00a0Minuten"},"schema":{"@context":"https:\/\/schema.org","@graph":[{"@type":"WebPage","@id":"https:\/\/www.santanyi.net\/de\/cookie-richtlinie\/","url":"https:\/\/www.santanyi.net\/de\/cookie-richtlinie\/","name":"Cookie-Richtlinie - RE\/MAX Drac","isPartOf":{"@id":"https:\/\/www.santanyi.net\/de\/#website"},"datePublished":"2025-06-20T08:30:24+00:00","dateModified":"2025-07-21T10:45:45+00:00","breadcrumb":{"@id":"https:\/\/www.santanyi.net\/de\/cookie-richtlinie\/#breadcrumb"},"inLanguage":"de","potentialAction":[{"@type":"ReadAction","target":["https:\/\/www.santanyi.net\/de\/cookie-richtlinie\/"]}]},{"@type":"BreadcrumbList","@id":"https:\/\/www.santanyi.net\/de\/cookie-richtlinie\/#breadcrumb","itemListElement":[{"@type":"ListItem","position":1,"name":"Home","item":"https:\/\/www.santanyi.net\/de\/"},{"@type":"ListItem","position":2,"name":"Cookie-Richtlinie"}]},{"@type":"WebSite","@id":"https:\/\/www.santanyi.net\/de\/#website","url":"https:\/\/www.santanyi.net\/de\/","name":"RE\/MAX Drac","description":"","publisher":{"@id":"https:\/\/www.santanyi.net\/de\/#organization"},"potentialAction":[{"@type":"SearchAction","target":{"@type":"EntryPoint","urlTemplate":"https:\/\/www.santanyi.net\/de\/?s={search_term_string}"},"query-input":{"@type":"PropertyValueSpecification","valueRequired":true,"valueName":"search_term_string"}}],"inLanguage":"de"},{"@type":"Organization","@id":"https:\/\/www.santanyi.net\/de\/#organization","name":"RE\/MAX Drac","url":"https:\/\/www.santanyi.net\/de\/","logo":{"@type":"ImageObject","inLanguage":"de","@id":"https:\/\/www.santanyi.net\/de\/#\/schema\/logo\/image\/","url":"https:\/\/www.santanyi.net\/wp-content\/uploads\/2025\/07\/logo-nuevo.png","contentUrl":"https:\/\/www.santanyi.net\/wp-content\/uploads\/2025\/07\/logo-nuevo.png","width":295,"height":165,"caption":"RE\/MAX Drac"},"image":{"@id":"https:\/\/www.santanyi.net\/de\/#\/schema\/logo\/image\/"}}]}},"_links":{"self":[{"href":"https:\/\/www.santanyi.net\/de\/wp-json\/wp\/v2\/pages\/3755","targetHints":{"allow":["GET"]}}],"collection":[{"href":"https:\/\/www.santanyi.net\/de\/wp-json\/wp\/v2\/pages"}],"about":[{"href":"https:\/\/www.santanyi.net\/de\/wp-json\/wp\/v2\/types\/page"}],"author":[{"embeddable":true,"href":"https:\/\/www.santanyi.net\/de\/wp-json\/wp\/v2\/users\/1"}],"replies":[{"embeddable":true,"href":"https:\/\/www.santanyi.net\/de\/wp-json\/wp\/v2\/comments?post=3755"}],"version-history":[{"count":0,"href":"https:\/\/www.santanyi.net\/de\/wp-json\/wp\/v2\/pages\/3755\/revisions"}],"wp:attachment":[{"href":"https:\/\/www.santanyi.net\/de\/wp-json\/wp\/v2\/media?parent=3755"}],"curies":[{"name":"wp","href":"https:\/\/api.w.org\/{rel}","templated":true}]}}