
{"id":3719,"date":"2025-06-20T08:30:24","date_gmt":"2025-06-20T08:30:24","guid":{"rendered":"https:\/\/www.santanyi.net\/politica-de-cookies\/"},"modified":"2025-07-21T10:11:41","modified_gmt":"2025-07-21T10:11:41","slug":"politica-de-cookies","status":"publish","type":"page","link":"https:\/\/www.santanyi.net\/ca\/politica-de-cookies\/","title":{"rendered":"Pol\u00edtica de Cookies"},"content":{"rendered":"\t\t<div data-elementor-type=\"wp-page\" data-elementor-id=\"3719\" class=\"elementor elementor-3719 elementor-1349\" data-elementor-post-type=\"page\">\n\t\t\t\t<div data-particle_enable=\"false\" data-particle-mobile-disabled=\"false\" class=\"elementor-element elementor-element-8a29fee e-flex e-con-boxed e-con e-parent\" data-id=\"8a29fee\" data-element_type=\"container\" data-e-type=\"container\" data-settings=\"{&quot;background_background&quot;:&quot;classic&quot;}\">\n\t\t\t\t\t<div class=\"e-con-inner\">\n\t\t\t\t<div class=\"elementor-element elementor-element-76aa1fd elementor-widget elementor-widget-heading\" data-id=\"76aa1fd\" data-element_type=\"widget\" data-e-type=\"widget\" data-widget_type=\"heading.default\">\n\t\t\t\t<div class=\"elementor-widget-container\">\n\t\t\t\t\t<h2 class=\"elementor-heading-title elementor-size-default\">Pol\u00edtica de Cookies<\/h2>\t\t\t\t<\/div>\n\t\t\t\t<\/div>\n\t\t\t\t<div class=\"elementor-element elementor-element-82ba1e1 elementor-widget elementor-widget-text-editor\" data-id=\"82ba1e1\" data-element_type=\"widget\" data-e-type=\"widget\" data-widget_type=\"text-editor.default\">\n\t\t\t\t<div class=\"elementor-widget-container\">\n\t\t\t\t\t\t\t\t\t<p><strong>1. Qu\u00e8 s\u00f3n les cookies?<\/strong><\/p><p>Les &#8220;cookies&#8221; s\u00f3n petits fitxers de programari que s&#8217;emmagatzemen a l&#8217;ordinador a trav\u00e9s del navegador, i retenen nom\u00e9s informaci\u00f3 relacionada amb les seves prefer\u00e8ncies, sense incloure dades personals.<\/p><p><strong>2. Per a qu\u00e8 serveixen les cookies?<\/strong><\/p><p>Les cookies ajuden a determinar la utilitat, l&#8217;inter\u00e8s i el nombre de vegades que s&#8217;utilitzen els llocs web, permetent una navegaci\u00f3 m\u00e9s r\u00e0pida i eficient, evitant la necessitat d&#8217;ingressar la mateixa informaci\u00f3 repetidament.<\/p><p><strong>3. Quin tipus de cookies utilitzem?<\/strong><\/p><p>Hi ha dos grups de cookies que es poden utilitzar:<\/p><ul><li>Cookies permanents: s\u00f3n galetes que s&#8217;emmagatzemen al nivell del navegador als seus dispositius d&#8217;acc\u00e9s (ordinador, m\u00f2bil i tauleta) i s&#8217;utilitzen cada vegada que visita un dels nostres llocs web. En general, s&#8217;utilitzen per orientar la navegaci\u00f3 als interessos de l&#8217;usuari, cosa que ens permet oferir un servei m\u00e9s personalitzat. <\/li><li>Cookies de sessi\u00f3: s\u00f3n galetes temporals que romanen a l&#8217;arxiu de galetes del vostre navegador fins que abandoni el lloc web. La informaci\u00f3 obtinguda a trav\u00e9s d&#8217;aquestes cookies s&#8217;utilitza per analitzar patrons de tr\u00e0nsit a la web, cosa que ens permet identificar problemes i oferir una millor experi\u00e8ncia de navegaci\u00f3. <\/li><\/ul><p><strong>4. Durant quant de temps s&#8217;emmagatzemen les cookies al meu dispositiu?<\/strong><\/p><p>Poden emmagatzemar-se dos tipus de cookies:<\/p><ul><li>Cookies de sessi\u00f3: s&#8217;eliminen autom\u00e0ticament quan tanqueu el vostre navegador.<\/li><li>Cookies persistents: romanen a l&#8217;ordinador fins que s&#8217;esborrin o expirin. Les cookies persistents poden mantenir les vostres prefer\u00e8ncies d&#8217;usuari per facilitar i fer m\u00e9s rellevant la navegaci\u00f3 futura. <\/li><\/ul><p><strong>5. On s&#8217;emmagatzemen i processen les vostres dades?<\/strong><\/p><p>Podem transferir i emmagatzemar la informaci\u00f3 que recopilem sobre vost\u00e8 fora del pa\u00eds d&#8217;origen. Pot ser processada pel nostre equip intern o per tercers que brinden serveis a Drac Real Estate. Quan ho fem, ens assegurem que la informaci\u00f3 estigui segura i degudament protegida. Aquestes mesures es prenen segons decisions d&#8217;adequaci\u00f3 o mitjan\u00e7ant la implementaci\u00f3 de garanties adequades (per exemple, cl\u00e0usules contractuals est\u00e0ndard).   <\/p><p><strong>6. Com puc canviar les meves prefer\u00e8ncies de cookies?<\/strong><\/p><p>Podeu canviar les vostres prefer\u00e8ncies de galetes a trav\u00e9s de la configuraci\u00f3 de cookies.<\/p><p><strong>7. Tipus de cookies i prop\u00f2sit:<\/strong><\/p><p><strong>7.1. Cookies estrictament necess\u00e0ries<\/strong><\/p><p>Permeten la navegaci\u00f3 al lloc web i l&#8217;\u00fas de les aplicacions, aix\u00ed com l&#8217;acc\u00e9s a \u00e0rees segures del lloc web. Sense aquestes cookies, els serveis que heu sol\u00b7licitat no poden ser proporcionats. <\/p><p><strong>7.2. Cookies anal\u00edtiques<\/strong><\/p><p>S&#8217;utilitzen de forma an\u00f2nima per crear i analitzar estad\u00edstiques per tal de millorar el funcionament del lloc web.<\/p><p><strong>7.3. Cookies de funcionalitat<\/strong><\/p><p>Desen les prefer\u00e8ncies de l&#8217;usuari respecte a l&#8217;\u00fas del lloc, perqu\u00e8 no sigui necessari configurar-lo cada cop que el visiteu.<\/p><p><strong>7.4. Cookies de tercers<\/strong><\/p><p>Mesuren l&#8217;\u00e8xit de les aplicacions i l&#8217;efic\u00e0cia de la publicitat de tercers. Tamb\u00e9 es poden utilitzar per personalitzar un giny amb les dades de l&#8217;usuari. <\/p><p><strong>7.5. Cookies de publicitat<\/strong><\/p><p>Dirigeixen la publicitat en funci\u00f3 dels interessos de cada usuari i, a m\u00e9s, limiten la quantitat de vegades que es mostra l&#8217;anunci, cosa que ajuda a mesurar l&#8217;efic\u00e0cia de la publicitat i l&#8217;\u00e8xit del lloc web.<\/p><p><strong>7.6. Cookies t\u00e8cnics<\/strong><\/p><p>Aquesta p\u00e0gina web \u00fanicament utilitza galetes que permeten el funcionament i la prestaci\u00f3 dels serveis oferts a la mateixa i, si escau, galetes pr\u00f2pies amb l&#8217;\u00fanica finalitat de mesurar les audi\u00e8ncies d&#8217;aquesta i, per tant, considerades exemptes de consentiment. Per aix\u00f2, no es requereix, d&#8217;acord amb l&#8217;article 22 de la Llei de serveis de la societat de la informaci\u00f3, el seu consentiment per instal\u00b7lar-lo. <\/p><p>Enlla\u00e7os https:\/\/allaboutcookies.org\/<\/p><p> <\/p>\t\t\t\t\t\t\t\t<\/div>\n\t\t\t\t<\/div>\n\t\t\t\t\t<\/div>\n\t\t\t\t<\/div>\n\t\t\t\t<\/div>\n\t\t","protected":false},"excerpt":{"rendered":"<p>Pol\u00edtica de Cookies 1. Qu\u00e8 s\u00f3n les cookies? Les &#8220;cookies&#8221; s\u00f3n petits fitxers de programari que s&#8217;emmagatzemen a l&#8217;ordinador a trav\u00e9s del navegador, i retenen nom\u00e9s informaci\u00f3 relacionada amb les seves prefer\u00e8ncies, sense incloure dades personals. 2. Per a qu\u00e8 serveixen les cookies? Les cookies ajuden a determinar la utilitat, l&#8217;inter\u00e8s i el nombre de [&hellip;]<\/p>\n","protected":false},"author":1,"featured_media":0,"parent":0,"menu_order":0,"comment_status":"closed","ping_status":"closed","template":"elementor_header_footer","meta":{"_acf_changed":false,"_joinchat":[],"footnotes":""},"class_list":["post-3719","page","type-page","status-publish","hentry"],"acf":[],"yoast_head":"<!-- This site is optimized with the Yoast SEO plugin v27.5 - https:\/\/yoast.com\/product\/yoast-seo-wordpress\/ -->\n<title>Pol\u00edtica de Cookies - RE\/MAX Drac<\/title>\n<meta name=\"robots\" content=\"index, follow, max-snippet:-1, max-image-preview:large, max-video-preview:-1\" \/>\n<link rel=\"canonical\" href=\"https:\/\/www.santanyi.net\/ca\/politica-de-cookies\/\" \/>\n<meta property=\"og:locale\" content=\"ca_ES\" \/>\n<meta property=\"og:type\" content=\"article\" \/>\n<meta property=\"og:title\" content=\"Pol\u00edtica de Cookies - RE\/MAX Drac\" \/>\n<meta property=\"og:description\" content=\"Pol\u00edtica de Cookies 1. Qu\u00e8 s\u00f3n les cookies? Les &#8220;cookies&#8221; s\u00f3n petits fitxers de programari que s&#8217;emmagatzemen a l&#8217;ordinador a trav\u00e9s del navegador, i retenen nom\u00e9s informaci\u00f3 relacionada amb les seves prefer\u00e8ncies, sense incloure dades personals. 2. Per a qu\u00e8 serveixen les cookies? Les cookies ajuden a determinar la utilitat, l&#8217;inter\u00e8s i el nombre de [&hellip;]\" \/>\n<meta property=\"og:url\" content=\"https:\/\/www.santanyi.net\/ca\/politica-de-cookies\/\" \/>\n<meta property=\"og:site_name\" content=\"RE\/MAX Drac\" \/>\n<meta property=\"article:modified_time\" content=\"2025-07-21T10:11:41+00:00\" \/>\n<meta name=\"twitter:card\" content=\"summary_large_image\" \/>\n<meta name=\"twitter:label1\" content=\"Temps estimat de lectura\" \/>\n\t<meta name=\"twitter:data1\" content=\"3 minuts\" \/>\n<script type=\"application\/ld+json\" class=\"yoast-schema-graph\">{\"@context\":\"https:\\\/\\\/schema.org\",\"@graph\":[{\"@type\":\"WebPage\",\"@id\":\"https:\\\/\\\/www.santanyi.net\\\/ca\\\/politica-de-cookies\\\/\",\"url\":\"https:\\\/\\\/www.santanyi.net\\\/ca\\\/politica-de-cookies\\\/\",\"name\":\"Pol\u00edtica de Cookies - RE\\\/MAX Drac\",\"isPartOf\":{\"@id\":\"https:\\\/\\\/www.santanyi.net\\\/ca\\\/#website\"},\"datePublished\":\"2025-06-20T08:30:24+00:00\",\"dateModified\":\"2025-07-21T10:11:41+00:00\",\"breadcrumb\":{\"@id\":\"https:\\\/\\\/www.santanyi.net\\\/ca\\\/politica-de-cookies\\\/#breadcrumb\"},\"inLanguage\":\"ca\",\"potentialAction\":[{\"@type\":\"ReadAction\",\"target\":[\"https:\\\/\\\/www.santanyi.net\\\/ca\\\/politica-de-cookies\\\/\"]}]},{\"@type\":\"BreadcrumbList\",\"@id\":\"https:\\\/\\\/www.santanyi.net\\\/ca\\\/politica-de-cookies\\\/#breadcrumb\",\"itemListElement\":[{\"@type\":\"ListItem\",\"position\":1,\"name\":\"Home\",\"item\":\"https:\\\/\\\/www.santanyi.net\\\/ca\\\/\"},{\"@type\":\"ListItem\",\"position\":2,\"name\":\"Pol\u00edtica de Cookies\"}]},{\"@type\":\"WebSite\",\"@id\":\"https:\\\/\\\/www.santanyi.net\\\/ca\\\/#website\",\"url\":\"https:\\\/\\\/www.santanyi.net\\\/ca\\\/\",\"name\":\"RE\\\/MAX Drac\",\"description\":\"\",\"publisher\":{\"@id\":\"https:\\\/\\\/www.santanyi.net\\\/ca\\\/#organization\"},\"potentialAction\":[{\"@type\":\"SearchAction\",\"target\":{\"@type\":\"EntryPoint\",\"urlTemplate\":\"https:\\\/\\\/www.santanyi.net\\\/ca\\\/?s={search_term_string}\"},\"query-input\":{\"@type\":\"PropertyValueSpecification\",\"valueRequired\":true,\"valueName\":\"search_term_string\"}}],\"inLanguage\":\"ca\"},{\"@type\":\"Organization\",\"@id\":\"https:\\\/\\\/www.santanyi.net\\\/ca\\\/#organization\",\"name\":\"RE\\\/MAX Drac\",\"url\":\"https:\\\/\\\/www.santanyi.net\\\/ca\\\/\",\"logo\":{\"@type\":\"ImageObject\",\"inLanguage\":\"ca\",\"@id\":\"https:\\\/\\\/www.santanyi.net\\\/ca\\\/#\\\/schema\\\/logo\\\/image\\\/\",\"url\":\"https:\\\/\\\/www.santanyi.net\\\/wp-content\\\/uploads\\\/2025\\\/07\\\/logo-nuevo.png\",\"contentUrl\":\"https:\\\/\\\/www.santanyi.net\\\/wp-content\\\/uploads\\\/2025\\\/07\\\/logo-nuevo.png\",\"width\":295,\"height\":165,\"caption\":\"RE\\\/MAX Drac\"},\"image\":{\"@id\":\"https:\\\/\\\/www.santanyi.net\\\/ca\\\/#\\\/schema\\\/logo\\\/image\\\/\"}}]}<\/script>\n<!-- \/ Yoast SEO plugin. -->","yoast_head_json":{"title":"Pol\u00edtica de Cookies - RE\/MAX Drac","robots":{"index":"index","follow":"follow","max-snippet":"max-snippet:-1","max-image-preview":"max-image-preview:large","max-video-preview":"max-video-preview:-1"},"canonical":"https:\/\/www.santanyi.net\/ca\/politica-de-cookies\/","og_locale":"ca_ES","og_type":"article","og_title":"Pol\u00edtica de Cookies - RE\/MAX Drac","og_description":"Pol\u00edtica de Cookies 1. Qu\u00e8 s\u00f3n les cookies? Les &#8220;cookies&#8221; s\u00f3n petits fitxers de programari que s&#8217;emmagatzemen a l&#8217;ordinador a trav\u00e9s del navegador, i retenen nom\u00e9s informaci\u00f3 relacionada amb les seves prefer\u00e8ncies, sense incloure dades personals. 2. Per a qu\u00e8 serveixen les cookies? Les cookies ajuden a determinar la utilitat, l&#8217;inter\u00e8s i el nombre de [&hellip;]","og_url":"https:\/\/www.santanyi.net\/ca\/politica-de-cookies\/","og_site_name":"RE\/MAX Drac","article_modified_time":"2025-07-21T10:11:41+00:00","twitter_card":"summary_large_image","twitter_misc":{"Temps estimat de lectura":"3 minuts"},"schema":{"@context":"https:\/\/schema.org","@graph":[{"@type":"WebPage","@id":"https:\/\/www.santanyi.net\/ca\/politica-de-cookies\/","url":"https:\/\/www.santanyi.net\/ca\/politica-de-cookies\/","name":"Pol\u00edtica de Cookies - RE\/MAX Drac","isPartOf":{"@id":"https:\/\/www.santanyi.net\/ca\/#website"},"datePublished":"2025-06-20T08:30:24+00:00","dateModified":"2025-07-21T10:11:41+00:00","breadcrumb":{"@id":"https:\/\/www.santanyi.net\/ca\/politica-de-cookies\/#breadcrumb"},"inLanguage":"ca","potentialAction":[{"@type":"ReadAction","target":["https:\/\/www.santanyi.net\/ca\/politica-de-cookies\/"]}]},{"@type":"BreadcrumbList","@id":"https:\/\/www.santanyi.net\/ca\/politica-de-cookies\/#breadcrumb","itemListElement":[{"@type":"ListItem","position":1,"name":"Home","item":"https:\/\/www.santanyi.net\/ca\/"},{"@type":"ListItem","position":2,"name":"Pol\u00edtica de Cookies"}]},{"@type":"WebSite","@id":"https:\/\/www.santanyi.net\/ca\/#website","url":"https:\/\/www.santanyi.net\/ca\/","name":"RE\/MAX Drac","description":"","publisher":{"@id":"https:\/\/www.santanyi.net\/ca\/#organization"},"potentialAction":[{"@type":"SearchAction","target":{"@type":"EntryPoint","urlTemplate":"https:\/\/www.santanyi.net\/ca\/?s={search_term_string}"},"query-input":{"@type":"PropertyValueSpecification","valueRequired":true,"valueName":"search_term_string"}}],"inLanguage":"ca"},{"@type":"Organization","@id":"https:\/\/www.santanyi.net\/ca\/#organization","name":"RE\/MAX Drac","url":"https:\/\/www.santanyi.net\/ca\/","logo":{"@type":"ImageObject","inLanguage":"ca","@id":"https:\/\/www.santanyi.net\/ca\/#\/schema\/logo\/image\/","url":"https:\/\/www.santanyi.net\/wp-content\/uploads\/2025\/07\/logo-nuevo.png","contentUrl":"https:\/\/www.santanyi.net\/wp-content\/uploads\/2025\/07\/logo-nuevo.png","width":295,"height":165,"caption":"RE\/MAX Drac"},"image":{"@id":"https:\/\/www.santanyi.net\/ca\/#\/schema\/logo\/image\/"}}]}},"_links":{"self":[{"href":"https:\/\/www.santanyi.net\/ca\/wp-json\/wp\/v2\/pages\/3719","targetHints":{"allow":["GET"]}}],"collection":[{"href":"https:\/\/www.santanyi.net\/ca\/wp-json\/wp\/v2\/pages"}],"about":[{"href":"https:\/\/www.santanyi.net\/ca\/wp-json\/wp\/v2\/types\/page"}],"author":[{"embeddable":true,"href":"https:\/\/www.santanyi.net\/ca\/wp-json\/wp\/v2\/users\/1"}],"replies":[{"embeddable":true,"href":"https:\/\/www.santanyi.net\/ca\/wp-json\/wp\/v2\/comments?post=3719"}],"version-history":[{"count":0,"href":"https:\/\/www.santanyi.net\/ca\/wp-json\/wp\/v2\/pages\/3719\/revisions"}],"wp:attachment":[{"href":"https:\/\/www.santanyi.net\/ca\/wp-json\/wp\/v2\/media?parent=3719"}],"curies":[{"name":"wp","href":"https:\/\/api.w.org\/{rel}","templated":true}]}}