
{"id":3655,"date":"2025-06-20T08:27:01","date_gmt":"2025-06-20T08:27:01","guid":{"rendered":"https:\/\/www.santanyi.net\/avis-legal\/"},"modified":"2025-07-21T09:28:28","modified_gmt":"2025-07-21T09:28:28","slug":"avis-legal","status":"publish","type":"page","link":"https:\/\/www.santanyi.net\/ca\/avis-legal\/","title":{"rendered":"Av\u00eds Legal"},"content":{"rendered":"\t\t<div data-elementor-type=\"wp-page\" data-elementor-id=\"3655\" class=\"elementor elementor-3655 elementor-1346\" data-elementor-post-type=\"page\">\n\t\t\t\t<div data-particle_enable=\"false\" data-particle-mobile-disabled=\"false\" class=\"elementor-element elementor-element-340128ff e-flex e-con-boxed e-con e-parent\" data-id=\"340128ff\" data-element_type=\"container\" data-e-type=\"container\" data-settings=\"{&quot;background_background&quot;:&quot;classic&quot;}\">\n\t\t\t\t\t<div class=\"e-con-inner\">\n\t\t\t\t<div class=\"elementor-element elementor-element-7d460d0 elementor-widget elementor-widget-heading\" data-id=\"7d460d0\" data-element_type=\"widget\" data-e-type=\"widget\" data-widget_type=\"heading.default\">\n\t\t\t\t<div class=\"elementor-widget-container\">\n\t\t\t\t\t<h2 class=\"elementor-heading-title elementor-size-default\">Av\u00eds Legal<\/h2>\t\t\t\t<\/div>\n\t\t\t\t<\/div>\n\t\t\t\t<div class=\"elementor-element elementor-element-763ad01e elementor-widget elementor-widget-text-editor\" data-id=\"763ad01e\" data-element_type=\"widget\" data-e-type=\"widget\" data-widget_type=\"text-editor.default\">\n\t\t\t\t<div class=\"elementor-widget-container\">\n\t\t\t\t\t\t\t\t\t\n<p>Segons el que disposa l&#8217;article 9 de la Llei 34\/2002 d&#8217;11 de juliol de serveis de la Societat de la Informaci\u00f3 i Comer\u00e7 Electr\u00f2nic, es fa constar que aquest lloc web \u00e9s propietat d&#8217;Immobiliaria <strong>Drac<\/strong>.<\/p>\n\n\n\n<p><strong>1. Protecci\u00f3 de dades de car\u00e0cter personal<\/strong><\/p>\n\n\n\n<p>En el marc del compliment de la legislaci\u00f3 vigent, les dades seran tractades de conformitat amb el que disposen les normatives vigents en protecci\u00f3 de dades personals, el Reglament (US) 2016\/679 de 27 d&#8217;abril de 2016 (GDPR) relatiu a la protecci\u00f3 de les persones f\u00edsiques pel que fa al tractament de dades personals i a la lliure circulaci\u00f3 de les dades 2 11 de juliol de Serveis de la Societat de la Informaci\u00f3 i del Comer\u00e7 Electr\u00f2nic. (LSSI-CE), <strong>Immobiliaria Drac<\/strong> informa els usuaris que les dades introdu\u00efdes als formularis de contacte, i altres, s&#8217;emmagatzemaran en fitxers propietat <strong>d&#8217;Inmobiliaria Drac<\/strong>. Aix\u00ed mateix, <strong>Immobiliaria Drac<\/strong> mostra el seu comprom\u00eds de no destinar els seus continguts a una finalitat diferent per a la qual van ser recollits, garantint la m\u00e0xima confidencialitat ia aplicar les mesures t\u00e8cniques i de seguretat necess\u00e0ries per evitar l&#8217;acc\u00e9s no autoritzat a aquest segons estableix la normativa vigent en mat\u00e8ria de protecci\u00f3 de dades.<\/p>\n\n\n\n<p><strong>2. Dret d&#8217;acc\u00e9s, rectificaci\u00f3 i cancel\u00b7laci\u00f3<\/strong><\/p>\n\n\n\n<p>El titular de les dades t\u00e9 el dret d&#8217;acc\u00e9s, rectificaci\u00f3, cancel\u00b7laci\u00f3 i oposici\u00f3 de les vostres dades. Per exercitar aquests drets, els titulars de les dades poden adre\u00e7ar una petici\u00f3 escrita per correu postal a l&#8217;adre\u00e7a Pla\u00e7a Major 11, a l&#8217;email de contacte info@santanyi.net, o b\u00e9 poden contactar a trav\u00e9s del tel\u00e8fon 971654300.<\/p>\n\n\n\n<p><strong>3. Divulgaci\u00f3 de la informaci\u00f3 a terceres parts<\/strong><\/p>\n\n\n\n<p><strong>Immobili\u00e0ria Drac<\/strong> es compromet a no vendre o transferir la informaci\u00f3 personal recollida als seus llocs web a altres entitats per a la seva utilitzaci\u00f3 sense la seva aprovaci\u00f3 expressa i oferint-li l&#8217;oportunitat d&#8217;exercir el dret de cancel\u00b7laci\u00f3 i oposici\u00f3 comentada anteriorment.<\/p>\n\n\n\n<p><strong>4. Enlla\u00e7os externs<\/strong><\/p>\n\n\n\n<p>Si l&#8217;usuari opta a abandonar aquest lloc web a trav\u00e9s d&#8217;enlla\u00e7os a p\u00e0gines web no pertanyents a la nostra empresa, <strong>Immobiliaria Drac<\/strong> no es far\u00e0 responsable de les pol\u00edtiques de privadesa d&#8217;aquests llocs web ni de les galetes que puguin emmagatzemar a l&#8217;ordinador de l&#8217;Usuari.<\/p>\n\n\n\n<p><strong>5. Q\u00fcestions legals<\/strong><\/p>\n\n\n\n<p>Aquest \u00e9s un lloc web que est\u00e0 subjecte a la llei espanyola. <strong>Immobiliaria Drac<\/strong> podr\u00e0 disposar de la informaci\u00f3 personal proporcionada per l&#8217;usuari sense el seu consentiment quan aix\u00ed li sigui exigit legalment, o b\u00e9 actuant de bona fe sempre que aquesta acci\u00f3 sigui necess\u00e0ria per investigar o protegir els convidats, visitants o associats <strong>d&#8217;Inmobiliaria Drac<\/strong> o b\u00e9ns de la seva propietat (incloent-hi aquest lloc web).<\/p>\n\n\n\n<p><strong>6. Canvis a la Pol\u00edtica de Privadesa d&#8217;aquest lloc web<\/strong><\/p>\n\n\n\n<p><strong>Immobili\u00e0ria Drac<\/strong> podr\u00e0 incloure canvis a la Pol\u00edtica de Privadesa d&#8217;aquest lloc web. Tots els canvis seran posats a la vostra disposici\u00f3 en aquesta web, per mantenir informat l&#8217;usuari.<\/p>\n\t\t\t\t\t\t\t\t<\/div>\n\t\t\t\t<\/div>\n\t\t\t\t\t<\/div>\n\t\t\t\t<\/div>\n\t\t\t\t<\/div>\n\t\t","protected":false},"excerpt":{"rendered":"<p>Av\u00eds Legal Segons el que disposa l&#8217;article 9 de la Llei 34\/2002 d&#8217;11 de juliol de serveis de la Societat de la Informaci\u00f3 i Comer\u00e7 Electr\u00f2nic, es fa constar que aquest lloc web \u00e9s propietat d&#8217;Immobiliaria Drac. 1. Protecci\u00f3 de dades de car\u00e0cter personal En el marc del compliment de la legislaci\u00f3 vigent, les dades [&hellip;]<\/p>\n","protected":false},"author":1,"featured_media":0,"parent":0,"menu_order":0,"comment_status":"closed","ping_status":"closed","template":"elementor_header_footer","meta":{"_acf_changed":false,"_joinchat":[],"footnotes":""},"class_list":["post-3655","page","type-page","status-publish","hentry"],"acf":[],"yoast_head":"<!-- This site is optimized with the Yoast SEO plugin v27.5 - https:\/\/yoast.com\/product\/yoast-seo-wordpress\/ -->\n<title>Av\u00eds Legal - RE\/MAX Drac<\/title>\n<meta name=\"robots\" content=\"index, follow, max-snippet:-1, max-image-preview:large, max-video-preview:-1\" \/>\n<link rel=\"canonical\" href=\"https:\/\/www.santanyi.net\/ca\/avis-legal\/\" \/>\n<meta property=\"og:locale\" content=\"ca_ES\" \/>\n<meta property=\"og:type\" content=\"article\" \/>\n<meta property=\"og:title\" content=\"Av\u00eds Legal - RE\/MAX Drac\" \/>\n<meta property=\"og:description\" content=\"Av\u00eds Legal Segons el que disposa l&#8217;article 9 de la Llei 34\/2002 d&#8217;11 de juliol de serveis de la Societat de la Informaci\u00f3 i Comer\u00e7 Electr\u00f2nic, es fa constar que aquest lloc web \u00e9s propietat d&#8217;Immobiliaria Drac. 1. Protecci\u00f3 de dades de car\u00e0cter personal En el marc del compliment de la legislaci\u00f3 vigent, les dades [&hellip;]\" \/>\n<meta property=\"og:url\" content=\"https:\/\/www.santanyi.net\/ca\/avis-legal\/\" \/>\n<meta property=\"og:site_name\" content=\"RE\/MAX Drac\" \/>\n<meta property=\"article:modified_time\" content=\"2025-07-21T09:28:28+00:00\" \/>\n<meta name=\"twitter:card\" content=\"summary_large_image\" \/>\n<meta name=\"twitter:label1\" content=\"Temps estimat de lectura\" \/>\n\t<meta name=\"twitter:data1\" content=\"2 minuts\" \/>\n<script type=\"application\/ld+json\" class=\"yoast-schema-graph\">{\"@context\":\"https:\\\/\\\/schema.org\",\"@graph\":[{\"@type\":\"WebPage\",\"@id\":\"https:\\\/\\\/www.santanyi.net\\\/ca\\\/avis-legal\\\/\",\"url\":\"https:\\\/\\\/www.santanyi.net\\\/ca\\\/avis-legal\\\/\",\"name\":\"Av\u00eds Legal - RE\\\/MAX Drac\",\"isPartOf\":{\"@id\":\"https:\\\/\\\/www.santanyi.net\\\/ca\\\/#website\"},\"datePublished\":\"2025-06-20T08:27:01+00:00\",\"dateModified\":\"2025-07-21T09:28:28+00:00\",\"breadcrumb\":{\"@id\":\"https:\\\/\\\/www.santanyi.net\\\/ca\\\/avis-legal\\\/#breadcrumb\"},\"inLanguage\":\"ca\",\"potentialAction\":[{\"@type\":\"ReadAction\",\"target\":[\"https:\\\/\\\/www.santanyi.net\\\/ca\\\/avis-legal\\\/\"]}]},{\"@type\":\"BreadcrumbList\",\"@id\":\"https:\\\/\\\/www.santanyi.net\\\/ca\\\/avis-legal\\\/#breadcrumb\",\"itemListElement\":[{\"@type\":\"ListItem\",\"position\":1,\"name\":\"Home\",\"item\":\"https:\\\/\\\/www.santanyi.net\\\/ca\\\/\"},{\"@type\":\"ListItem\",\"position\":2,\"name\":\"Av\u00eds Legal\"}]},{\"@type\":\"WebSite\",\"@id\":\"https:\\\/\\\/www.santanyi.net\\\/ca\\\/#website\",\"url\":\"https:\\\/\\\/www.santanyi.net\\\/ca\\\/\",\"name\":\"RE\\\/MAX Drac\",\"description\":\"\",\"publisher\":{\"@id\":\"https:\\\/\\\/www.santanyi.net\\\/ca\\\/#organization\"},\"potentialAction\":[{\"@type\":\"SearchAction\",\"target\":{\"@type\":\"EntryPoint\",\"urlTemplate\":\"https:\\\/\\\/www.santanyi.net\\\/ca\\\/?s={search_term_string}\"},\"query-input\":{\"@type\":\"PropertyValueSpecification\",\"valueRequired\":true,\"valueName\":\"search_term_string\"}}],\"inLanguage\":\"ca\"},{\"@type\":\"Organization\",\"@id\":\"https:\\\/\\\/www.santanyi.net\\\/ca\\\/#organization\",\"name\":\"RE\\\/MAX Drac\",\"url\":\"https:\\\/\\\/www.santanyi.net\\\/ca\\\/\",\"logo\":{\"@type\":\"ImageObject\",\"inLanguage\":\"ca\",\"@id\":\"https:\\\/\\\/www.santanyi.net\\\/ca\\\/#\\\/schema\\\/logo\\\/image\\\/\",\"url\":\"https:\\\/\\\/www.santanyi.net\\\/wp-content\\\/uploads\\\/2025\\\/07\\\/logo-nuevo.png\",\"contentUrl\":\"https:\\\/\\\/www.santanyi.net\\\/wp-content\\\/uploads\\\/2025\\\/07\\\/logo-nuevo.png\",\"width\":295,\"height\":165,\"caption\":\"RE\\\/MAX Drac\"},\"image\":{\"@id\":\"https:\\\/\\\/www.santanyi.net\\\/ca\\\/#\\\/schema\\\/logo\\\/image\\\/\"}}]}<\/script>\n<!-- \/ Yoast SEO plugin. -->","yoast_head_json":{"title":"Av\u00eds Legal - RE\/MAX Drac","robots":{"index":"index","follow":"follow","max-snippet":"max-snippet:-1","max-image-preview":"max-image-preview:large","max-video-preview":"max-video-preview:-1"},"canonical":"https:\/\/www.santanyi.net\/ca\/avis-legal\/","og_locale":"ca_ES","og_type":"article","og_title":"Av\u00eds Legal - RE\/MAX Drac","og_description":"Av\u00eds Legal Segons el que disposa l&#8217;article 9 de la Llei 34\/2002 d&#8217;11 de juliol de serveis de la Societat de la Informaci\u00f3 i Comer\u00e7 Electr\u00f2nic, es fa constar que aquest lloc web \u00e9s propietat d&#8217;Immobiliaria Drac. 1. Protecci\u00f3 de dades de car\u00e0cter personal En el marc del compliment de la legislaci\u00f3 vigent, les dades [&hellip;]","og_url":"https:\/\/www.santanyi.net\/ca\/avis-legal\/","og_site_name":"RE\/MAX Drac","article_modified_time":"2025-07-21T09:28:28+00:00","twitter_card":"summary_large_image","twitter_misc":{"Temps estimat de lectura":"2 minuts"},"schema":{"@context":"https:\/\/schema.org","@graph":[{"@type":"WebPage","@id":"https:\/\/www.santanyi.net\/ca\/avis-legal\/","url":"https:\/\/www.santanyi.net\/ca\/avis-legal\/","name":"Av\u00eds Legal - RE\/MAX Drac","isPartOf":{"@id":"https:\/\/www.santanyi.net\/ca\/#website"},"datePublished":"2025-06-20T08:27:01+00:00","dateModified":"2025-07-21T09:28:28+00:00","breadcrumb":{"@id":"https:\/\/www.santanyi.net\/ca\/avis-legal\/#breadcrumb"},"inLanguage":"ca","potentialAction":[{"@type":"ReadAction","target":["https:\/\/www.santanyi.net\/ca\/avis-legal\/"]}]},{"@type":"BreadcrumbList","@id":"https:\/\/www.santanyi.net\/ca\/avis-legal\/#breadcrumb","itemListElement":[{"@type":"ListItem","position":1,"name":"Home","item":"https:\/\/www.santanyi.net\/ca\/"},{"@type":"ListItem","position":2,"name":"Av\u00eds Legal"}]},{"@type":"WebSite","@id":"https:\/\/www.santanyi.net\/ca\/#website","url":"https:\/\/www.santanyi.net\/ca\/","name":"RE\/MAX Drac","description":"","publisher":{"@id":"https:\/\/www.santanyi.net\/ca\/#organization"},"potentialAction":[{"@type":"SearchAction","target":{"@type":"EntryPoint","urlTemplate":"https:\/\/www.santanyi.net\/ca\/?s={search_term_string}"},"query-input":{"@type":"PropertyValueSpecification","valueRequired":true,"valueName":"search_term_string"}}],"inLanguage":"ca"},{"@type":"Organization","@id":"https:\/\/www.santanyi.net\/ca\/#organization","name":"RE\/MAX Drac","url":"https:\/\/www.santanyi.net\/ca\/","logo":{"@type":"ImageObject","inLanguage":"ca","@id":"https:\/\/www.santanyi.net\/ca\/#\/schema\/logo\/image\/","url":"https:\/\/www.santanyi.net\/wp-content\/uploads\/2025\/07\/logo-nuevo.png","contentUrl":"https:\/\/www.santanyi.net\/wp-content\/uploads\/2025\/07\/logo-nuevo.png","width":295,"height":165,"caption":"RE\/MAX Drac"},"image":{"@id":"https:\/\/www.santanyi.net\/ca\/#\/schema\/logo\/image\/"}}]}},"_links":{"self":[{"href":"https:\/\/www.santanyi.net\/ca\/wp-json\/wp\/v2\/pages\/3655","targetHints":{"allow":["GET"]}}],"collection":[{"href":"https:\/\/www.santanyi.net\/ca\/wp-json\/wp\/v2\/pages"}],"about":[{"href":"https:\/\/www.santanyi.net\/ca\/wp-json\/wp\/v2\/types\/page"}],"author":[{"embeddable":true,"href":"https:\/\/www.santanyi.net\/ca\/wp-json\/wp\/v2\/users\/1"}],"replies":[{"embeddable":true,"href":"https:\/\/www.santanyi.net\/ca\/wp-json\/wp\/v2\/comments?post=3655"}],"version-history":[{"count":0,"href":"https:\/\/www.santanyi.net\/ca\/wp-json\/wp\/v2\/pages\/3655\/revisions"}],"wp:attachment":[{"href":"https:\/\/www.santanyi.net\/ca\/wp-json\/wp\/v2\/media?parent=3655"}],"curies":[{"name":"wp","href":"https:\/\/api.w.org\/{rel}","templated":true}]}}